{"id":7,"date":"2025-01-18T00:15:50","date_gmt":"2025-01-18T00:15:50","guid":{"rendered":"https:\/\/romehelp.com.br\/prestador\/?page_id=7"},"modified":"2025-01-20T18:43:00","modified_gmt":"2025-01-20T18:43:00","slug":"home-prestador","status":"publish","type":"page","link":"https:\/\/romehelp.com.br\/prestador\/","title":{"rendered":"Home &#8211; Prestador"},"content":{"rendered":"\t\t<div data-elementor-type=\"wp-page\" data-elementor-id=\"7\" class=\"elementor elementor-7\">\n\t\t\t\t<div class=\"elementor-element elementor-element-8dd6c13 e-flex e-con-boxed e-con e-parent\" data-id=\"8dd6c13\" data-element_type=\"container\" data-settings=\"{&quot;background_background&quot;:&quot;classic&quot;}\">\n\t\t\t\t\t<div class=\"e-con-inner\">\n\t\t<div class=\"elementor-element elementor-element-d2db718 e-con-full e-flex e-con e-child\" data-id=\"d2db718\" data-element_type=\"container\">\n\t\t\t\t<div class=\"elementor-element elementor-element-a86595f elementor-widget elementor-widget-video\" data-id=\"a86595f\" data-element_type=\"widget\" data-settings=\"{&quot;video_type&quot;:&quot;hosted&quot;,&quot;autoplay&quot;:&quot;yes&quot;,&quot;loop&quot;:&quot;yes&quot;,&quot;controls&quot;:&quot;yes&quot;}\" data-widget_type=\"video.default\">\n\t\t\t\t<div class=\"elementor-widget-container\">\n\t\t\t\t\t\t\t<div class=\"e-hosted-video elementor-wrapper elementor-open-inline\">\n\t\t\t\t\t<video class=\"elementor-video\" src=\"https:\/\/romehelp.com.br\/prestador\/wp-content\/uploads\/2025\/01\/Video-Prestadores-Completo-2025.mp4\" autoplay=\"\" loop=\"\" controls=\"\" controlsList=\"nodownload\"><\/video>\n\t\t\t\t<\/div>\n\t\t\t\t\t\t<\/div>\n\t\t\t\t<\/div>\n\t\t\t\t<\/div>\n\t\t<div class=\"elementor-element elementor-element-3f83c0c e-con-full e-flex e-con e-child\" data-id=\"3f83c0c\" data-element_type=\"container\">\n\t\t<div class=\"elementor-element elementor-element-11583ce e-con-full e-flex e-con e-child\" data-id=\"11583ce\" data-element_type=\"container\">\n\t\t\t\t<div class=\"elementor-element elementor-element-b1cb299 elementor-widget__width-initial elementor-widget elementor-widget-heading\" data-id=\"b1cb299\" data-element_type=\"widget\" data-widget_type=\"heading.default\">\n\t\t\t\t<div class=\"elementor-widget-container\">\n\t\t\t\t\t<h2 class=\"elementor-heading-title elementor-size-default\">ASSISTA O V\u00cdDEO AT\u00c9 O FINAL<\/h2>\t\t\t\t<\/div>\n\t\t\t\t<\/div>\n\t\t\t\t<div class=\"elementor-element elementor-element-f3f78f9 elementor-widget elementor-widget-text-editor\" data-id=\"f3f78f9\" data-element_type=\"widget\" data-widget_type=\"text-editor.default\">\n\t\t\t\t<div class=\"elementor-widget-container\">\n\t\t\t\t\t\t\t\t\t<div class=\"flex-shrink-0 flex flex-col relative items-end\"><div><div class=\"pt-0\"><div class=\"gizmo-bot-avatar flex h-8 w-8 items-center justify-center overflow-hidden rounded-full\"><div class=\"relative p-1 rounded-sm flex items-center justify-center bg-token-main-surface-primary text-token-text-primary h-8 w-8\">N\u00f3s <strong>N\u00c3O<\/strong> somos uma Plataforma de Servi\u00e7os, um Aplicativo ou algo semelhante. <br \/>Somos uma empresa especializada, atuando exclusivamente na capital de SP e regi\u00e3o metropolitana, com um time de prestadores <strong>selecionado<\/strong>, <strong>enxuto<\/strong> e com quem mantemos uma <strong>rela\u00e7\u00e3o pr\u00f3xima e de confian\u00e7a<\/strong>. <br \/>Se voc\u00ea est\u00e1 buscando um aplicativo para realizar servi\u00e7os esporadicamente, talvez n\u00e3o sejamos a melhor op\u00e7\u00e3o para voc\u00ea.<\/div><\/div><\/div><\/div><\/div><p>Se n\u00e3o for isso que procura, clique no link abaixo e veja a disponibilidade com o nosso TIME de RECRUTAMENTO E SELE\u00c7\u00c3O.<\/p>\t\t\t\t\t\t\t\t<\/div>\n\t\t\t\t<\/div>\n\t\t\t\t<\/div>\n\t\t\t\t<\/div>\n\t\t\t\t\t<\/div>\n\t\t\t\t<\/div>\n\t\t<div class=\"elementor-element elementor-element-eb1b18b e-flex e-con-boxed e-con e-parent\" data-id=\"eb1b18b\" data-element_type=\"container\" data-settings=\"{&quot;background_background&quot;:&quot;classic&quot;}\">\n\t\t\t\t\t<div class=\"e-con-inner\">\n\t\t\t\t<div class=\"elementor-element elementor-element-60b03ae elementor-align-justify elementor-widget elementor-widget-button\" data-id=\"60b03ae\" data-element_type=\"widget\" data-widget_type=\"button.default\">\n\t\t\t\t<div class=\"elementor-widget-container\">\n\t\t\t\t\t\t\t\t\t<div class=\"elementor-button-wrapper\">\n\t\t\t\t\t<a class=\"elementor-button elementor-button-link elementor-size-sm elementor-animation-grow\" href=\"https:\/\/wa.me\/5511992296552\">\n\t\t\t\t\t\t<span class=\"elementor-button-content-wrapper\">\n\t\t\t\t\t\t\t\t\t<span class=\"elementor-button-text\">FALE CONOSCO<\/span>\n\t\t\t\t\t<\/span>\n\t\t\t\t\t<\/a>\n\t\t\t\t<\/div>\n\t\t\t\t\t\t\t\t<\/div>\n\t\t\t\t<\/div>\n\t\t\t\t\t<\/div>\n\t\t\t\t<\/div>\n\t\t\t\t<\/div>\n\t\t","protected":false},"excerpt":{"rendered":"<p>https:\/\/romehelp.com.br\/prestador\/wp-content\/uploads\/2025\/01\/Video-Prestadores-Completo-2025.mp4 ASSISTA O V\u00cdDEO AT\u00c9 O FINAL N\u00f3s N\u00c3O somos uma Plataforma de Servi\u00e7os, um Aplicativo ou algo semelhante. Somos uma empresa especializada, atuando exclusivamente na capital de SP e regi\u00e3o metropolitana, com um time de prestadores selecionado, enxuto e com quem mantemos uma rela\u00e7\u00e3o pr\u00f3xima e de confian\u00e7a. Se voc\u00ea est\u00e1 buscando um aplicativo [&hellip;]<\/p>\n","protected":false},"author":1,"featured_media":0,"parent":0,"menu_order":0,"comment_status":"closed","ping_status":"closed","template":"elementor_theme","meta":{"footnotes":""},"class_list":["post-7","page","type-page","status-publish","hentry"],"_links":{"self":[{"href":"https:\/\/romehelp.com.br\/prestador\/wp-json\/wp\/v2\/pages\/7","targetHints":{"allow":["GET"]}}],"collection":[{"href":"https:\/\/romehelp.com.br\/prestador\/wp-json\/wp\/v2\/pages"}],"about":[{"href":"https:\/\/romehelp.com.br\/prestador\/wp-json\/wp\/v2\/types\/page"}],"author":[{"embeddable":true,"href":"https:\/\/romehelp.com.br\/prestador\/wp-json\/wp\/v2\/users\/1"}],"replies":[{"embeddable":true,"href":"https:\/\/romehelp.com.br\/prestador\/wp-json\/wp\/v2\/comments?post=7"}],"version-history":[{"count":40,"href":"https:\/\/romehelp.com.br\/prestador\/wp-json\/wp\/v2\/pages\/7\/revisions"}],"predecessor-version":[{"id":131,"href":"https:\/\/romehelp.com.br\/prestador\/wp-json\/wp\/v2\/pages\/7\/revisions\/131"}],"wp:attachment":[{"href":"https:\/\/romehelp.com.br\/prestador\/wp-json\/wp\/v2\/media?parent=7"}],"curies":[{"name":"wp","href":"https:\/\/api.w.org\/{rel}","templated":true}]}}